{"id":70,"date":"2025-09-30T19:53:13","date_gmt":"2025-09-30T17:53:13","guid":{"rendered":"https:\/\/project-care-halle.de\/?page_id=70"},"modified":"2025-12-02T18:04:23","modified_gmt":"2025-12-02T17:04:23","slug":"laenderinformationen","status":"publish","type":"page","link":"https:\/\/project-care-halle.de\/index.php\/laenderinformationen\/","title":{"rendered":"L\u00e4nderinformationen"},"content":{"rendered":"\t\t<div data-elementor-type=\"wp-page\" data-elementor-id=\"70\" class=\"elementor elementor-70\" data-elementor-post-type=\"page\">\n\t\t\t\t<div class=\"elementor-element elementor-element-e40afd3 e-con-full e-flex e-con e-parent\" data-id=\"e40afd3\" data-element_type=\"container\" data-e-type=\"container\" data-settings=\"{&quot;background_background&quot;:&quot;classic&quot;}\">\n\t\t<div class=\"elementor-element elementor-element-c7617e3 e-con-full e-flex e-con e-child\" data-id=\"c7617e3\" data-element_type=\"container\" data-e-type=\"container\">\n\t\t\t\t<div class=\"elementor-element elementor-element-0a2d5a0 elementor-hidden-mobile elementor-widget elementor-widget-heading\" data-id=\"0a2d5a0\" data-element_type=\"widget\" data-e-type=\"widget\" data-widget_type=\"heading.default\">\n\t\t\t\t\t<h1 class=\"elementor-heading-title elementor-size-default\">Nigeria<\/h1>\t\t\t\t<\/div>\n\t\t\t\t<div class=\"elementor-element elementor-element-d5dedb0 elementor-hidden-desktop elementor-hidden-tablet elementor-widget elementor-widget-heading\" data-id=\"d5dedb0\" data-element_type=\"widget\" data-e-type=\"widget\" data-widget_type=\"heading.default\">\n\t\t\t\t\t<h2 class=\"elementor-heading-title elementor-size-default\">Nigeria<\/h2>\t\t\t\t<\/div>\n\t\t\t\t<\/div>\n\t\t<div class=\"elementor-element elementor-element-752975c e-con-full e-flex e-con e-child\" data-id=\"752975c\" data-element_type=\"container\" data-e-type=\"container\">\n\t\t<div class=\"elementor-element elementor-element-bd4e018 e-con-full e-flex e-con e-child\" data-id=\"bd4e018\" data-element_type=\"container\" data-e-type=\"container\">\n\t\t\t\t<div class=\"elementor-element elementor-element-9f46207 elementor-widget elementor-widget-text-editor\" data-id=\"9f46207\" data-element_type=\"widget\" data-e-type=\"widget\" data-widget_type=\"text-editor.default\">\n\t\t\t\t\t\t\t\t\t<p>Nigeria in Westafrika beeindruckt mit seiner kulturellen Vielfalt, atemberaubenden Landschaften und einer dynamischen Wirtschaft. Das Land erstreckt sich \u00fcber 923.768 km\u00b2 mit einer Bev\u00f6lkerung von \u00fcber 230 Millionen und ist damit die bev\u00f6lkerungsreichste und einflussreichste Nation Afrikas.<\/p>\t\t\t\t\t\t\t\t<\/div>\n\t\t\t\t<div class=\"elementor-element elementor-element-b6a7f31 elementor-widget elementor-widget-text-editor\" data-id=\"b6a7f31\" data-element_type=\"widget\" data-e-type=\"widget\" data-widget_type=\"text-editor.default\">\n\t\t\t\t\t\t\t\t\t<p>\u00dcber 250 ethnische Gruppen und 500 Sprachen pr\u00e4gen die lebendige Kultur, wobei die gr\u00f6\u00dften Gruppen Hausa-Fulani, Yoruba und Igbo sind. Die Amtssprache ist Englisch, doch es werden viele einheimische Sprachen gesprochen.<\/p>\t\t\t\t\t\t\t\t<\/div>\n\t\t\t\t<div class=\"elementor-element elementor-element-90eebdd elementor-widget elementor-widget-text-editor\" data-id=\"90eebdd\" data-element_type=\"widget\" data-e-type=\"widget\" data-widget_type=\"text-editor.default\">\n\t\t\t\t\t\t\t\t\t<p>Der Islam und das Christentum sind die dominantesten Religionen innerhalb des Landes, w\u00e4hrend nigerianische Literatur, Musik und Nollywood weltweit Anerkennung genie\u00dfen. Die Wirtschaft wird vom \u00d6l- und Gassektor angetrieben, doch weit verbreitete Armut und Analphabetismus in l\u00e4ndlichen und einkommensschwachen Gemeinden bleiben eine Herausforderung.<\/p>\t\t\t\t\t\t\t\t<\/div>\n\t\t\t\t<\/div>\n\t\t\t\t<\/div>\n\t\t\t\t<\/div>\n\t\t<div class=\"elementor-element elementor-element-49abc1a e-con-full e-flex e-con e-parent\" data-id=\"49abc1a\" data-element_type=\"container\" data-e-type=\"container\" data-settings=\"{&quot;background_background&quot;:&quot;classic&quot;}\">\n\t\t<div class=\"elementor-element elementor-element-8ab8474 e-con-full e-flex e-con e-child\" data-id=\"8ab8474\" data-element_type=\"container\" data-e-type=\"container\">\n\t\t<div class=\"elementor-element elementor-element-b637edb e-con-full e-flex e-con e-child\" data-id=\"b637edb\" data-element_type=\"container\" data-e-type=\"container\">\n\t\t\t\t<div class=\"elementor-element elementor-element-1e13f24 elementor-widget elementor-widget-text-editor\" data-id=\"1e13f24\" data-element_type=\"widget\" data-e-type=\"widget\" data-widget_type=\"text-editor.default\">\n\t\t\t\t\t\t\t\t\t<p>\u00c4thiopien, im Horn von Afrika gelegen, ist die zweit bev\u00f6lkerungsreichste Nation Afrikas und ist bekannt f\u00fcr seine reiche Geschichte, in der es die europ\u00e4ische Kolonisation widerstand. Es zeichnet sich mit \u00fcber 80 ethnischen Gruppen und Sprachen ebenfalls durch eine beeindruckende kulturelle Vielfalt aus. Amharisch, Oromiffa, Somali und Tigrinya gelten dabei als weit verbreitete Sprachen.<\/p>\t\t\t\t\t\t\t\t<\/div>\n\t\t\t\t<div class=\"elementor-element elementor-element-ee1f6a8 elementor-widget elementor-widget-text-editor\" data-id=\"ee1f6a8\" data-element_type=\"widget\" data-e-type=\"widget\" data-widget_type=\"text-editor.default\">\n\t\t\t\t\t\t\t\t\t<p>Das Land ist bekannt f\u00fcr seine abwechslungsreiche Landschaft, Pflanzen- und Tierwelt und geh\u00f6rt zu den derzeit am schnellsten wachsenden Volkswirtschaften Ostafrikas. Der aktuelle globale Multidimensionale Armutsindex (MPI) zeigt jedoch, dass etwa 42 % der nationalen Bev\u00f6lkerung in schwerer Armut leben und von angemessener Gesundheit, Bildung und Lebensstandards ausgeschlossen sind.<\/p>\t\t\t\t\t\t\t\t<\/div>\n\t\t\t\t<\/div>\n\t\t\t\t<\/div>\n\t\t<div class=\"elementor-element elementor-element-e89fb81 e-con-full e-flex e-con e-child\" data-id=\"e89fb81\" data-element_type=\"container\" data-e-type=\"container\">\n\t\t\t\t<div class=\"elementor-element elementor-element-11755f6 elementor-hidden-mobile elementor-widget elementor-widget-heading\" data-id=\"11755f6\" data-element_type=\"widget\" data-e-type=\"widget\" data-widget_type=\"heading.default\">\n\t\t\t\t\t<h1 class=\"elementor-heading-title elementor-size-default\">\u00c4thiopien<\/h1>\t\t\t\t<\/div>\n\t\t\t\t<div class=\"elementor-element elementor-element-e299b58 elementor-hidden-desktop elementor-hidden-tablet elementor-widget elementor-widget-heading\" data-id=\"e299b58\" data-element_type=\"widget\" data-e-type=\"widget\" data-widget_type=\"heading.default\">\n\t\t\t\t\t<h2 class=\"elementor-heading-title elementor-size-default\">\u00c4thiopien<\/h2>\t\t\t\t<\/div>\n\t\t\t\t<\/div>\n\t\t\t\t<\/div>\n\t\t\t\t<\/div>\n\t\t","protected":false},"excerpt":{"rendered":"<p>Nigeria Nigeria Nigeria in Westafrika beeindruckt mit seiner kulturellen Vielfalt, atemberaubenden Landschaften und einer dynamischen Wirtschaft. Das Land erstreckt sich \u00fcber 923.768 km\u00b2 mit einer Bev\u00f6lkerung von \u00fcber 230 Millionen und ist damit die bev\u00f6lkerungsreichste und einflussreichste Nation Afrikas. \u00dcber 250 ethnische Gruppen und 500 Sprachen pr\u00e4gen die lebendige Kultur, wobei die gr\u00f6\u00dften Gruppen Hausa-Fulani, [&hellip;]<\/p>\n","protected":false},"author":2,"featured_media":0,"parent":0,"menu_order":0,"comment_status":"closed","ping_status":"closed","template":"elementor_header_footer","meta":{"footnotes":""},"class_list":["post-70","page","type-page","status-publish","hentry"],"_links":{"self":[{"href":"https:\/\/project-care-halle.de\/index.php\/wp-json\/wp\/v2\/pages\/70","targetHints":{"allow":["GET"]}}],"collection":[{"href":"https:\/\/project-care-halle.de\/index.php\/wp-json\/wp\/v2\/pages"}],"about":[{"href":"https:\/\/project-care-halle.de\/index.php\/wp-json\/wp\/v2\/types\/page"}],"author":[{"embeddable":true,"href":"https:\/\/project-care-halle.de\/index.php\/wp-json\/wp\/v2\/users\/2"}],"replies":[{"embeddable":true,"href":"https:\/\/project-care-halle.de\/index.php\/wp-json\/wp\/v2\/comments?post=70"}],"version-history":[{"count":37,"href":"https:\/\/project-care-halle.de\/index.php\/wp-json\/wp\/v2\/pages\/70\/revisions"}],"predecessor-version":[{"id":264,"href":"https:\/\/project-care-halle.de\/index.php\/wp-json\/wp\/v2\/pages\/70\/revisions\/264"}],"wp:attachment":[{"href":"https:\/\/project-care-halle.de\/index.php\/wp-json\/wp\/v2\/media?parent=70"}],"curies":[{"name":"wp","href":"https:\/\/api.w.org\/{rel}","templated":true}]}}